{"id":1051,"date":"2024-09-24T15:06:20","date_gmt":"2024-09-24T15:06:20","guid":{"rendered":"https:\/\/bitzone.pt\/sienna\/?post_type=product&#038;p=1051"},"modified":"2024-09-24T17:11:27","modified_gmt":"2024-09-24T17:11:27","slug":"mar-do-inferno-arinto-atlantico-2023","status":"publish","type":"product","link":"https:\/\/siennahotel.pt\/en\/product\/mar-do-inferno-arinto-atlantico-2023\/","title":{"rendered":"Mar do Inferno Arinto Atl\u00e2ntico 2023"},"content":{"rendered":"<p>Year: 2021<br \/>\nRegion: Lisbon<br \/>\nType: White<br \/>\nGrape varieties: Arinto<br \/>\nColour: Straw yellow<br \/>\nAlcohol: 12%<br \/>\nVinification: Fermentation in stainless steel to preserve freshness and fruity aromas.<br \/>\nAroma: Citrus notes, with hints of lemon, green apple and a slight mineral note.<br \/>\nPalate: Fresh and vibrant, with good acidity and a slightly saline finish,<br \/>\nreflecting the influence of proximity to the ocean.<br \/>\nTemperature<br \/>\nService<br \/>\n8-10\u00b0C<br \/>\nPairing: Ideal with seafood, grilled fish, salads and dishes<br \/>\nlight<\/p>","protected":false},"excerpt":{"rendered":"<p>Year: 2021 Region: Lisboa Type: White Grape Varieties: Arinto Colour: Straw yellow Alcohol: 12% Vinification: Fermentation in stainless steel to preserve freshness and fruity aromas. Aroma: Citrus notes, with hints of lemon, green apple and a slight mineral flavour. Palate: Fresh and vibrant, with good acidity and a slightly saline finish, reflecting the influence of the proximity [...]<\/p>","protected":false},"featured_media":1052,"template":"","meta":{"_uag_custom_page_level_css":"","_monsterinsights_skip_tracking":false,"_monsterinsights_sitenote_active":false,"_monsterinsights_sitenote_note":"","_monsterinsights_sitenote_category":0,"site-sidebar-layout":"default","site-content-layout":"","ast-site-content-layout":"default","site-content-style":"default","site-sidebar-style":"default","ast-global-header-display":"","ast-banner-title-visibility":"","ast-main-header-display":"","ast-hfb-above-header-display":"","ast-hfb-below-header-display":"","ast-hfb-mobile-header-display":"","site-post-title":"","ast-breadcrumbs-content":"","ast-featured-img":"","footer-sml-layout":"","theme-transparent-header-meta":"default","adv-header-id-meta":"","stick-header-meta":"","header-above-stick-meta":"","header-main-stick-meta":"","header-below-stick-meta":"","astra-migrate-meta-layouts":"set","ast-page-background-enabled":"default","ast-page-background-meta":{"desktop":{"background-color":"","background-image":"","background-repeat":"repeat","background-position":"center center","background-size":"auto","background-attachment":"scroll","background-type":"","background-media":"","overlay-type":"","overlay-color":"","overlay-opacity":"","overlay-gradient":""},"tablet":{"background-color":"","background-image":"","background-repeat":"repeat","background-position":"center center","background-size":"auto","background-attachment":"scroll","background-type":"","background-media":"","overlay-type":"","overlay-color":"","overlay-opacity":"","overlay-gradient":""},"mobile":{"background-color":"","background-image":"","background-repeat":"repeat","background-position":"center center","background-size":"auto","background-attachment":"scroll","background-type":"","background-media":"","overlay-type":"","overlay-color":"","overlay-opacity":"","overlay-gradient":""}},"ast-content-background-meta":{"desktop":{"background-color":"var(--ast-global-color-5)","background-image":"","background-repeat":"repeat","background-position":"center center","background-size":"auto","background-attachment":"scroll","background-type":"","background-media":"","overlay-type":"","overlay-color":"","overlay-opacity":"","overlay-gradient":""},"tablet":{"background-color":"var(--ast-global-color-5)","background-image":"","background-repeat":"repeat","background-position":"center center","background-size":"auto","background-attachment":"scroll","background-type":"","background-media":"","overlay-type":"","overlay-color":"","overlay-opacity":"","overlay-gradient":""},"mobile":{"background-color":"var(--ast-global-color-5)","background-image":"","background-repeat":"repeat","background-position":"center center","background-size":"auto","background-attachment":"scroll","background-type":"","background-media":"","overlay-type":"","overlay-color":"","overlay-opacity":"","overlay-gradient":""}}},"product_brand":[],"product_cat":[21],"product_tag":[],"class_list":{"0":"post-1051","1":"product","2":"type-product","3":"status-publish","4":"has-post-thumbnail","6":"product_cat-vinho-branco","8":"first","9":"instock","10":"shipping-taxable","11":"purchasable","12":"product-type-simple"},"aioseo_notices":[],"uagb_featured_image_src":{"full":["https:\/\/siennahotel.pt\/layout\/wp-content\/uploads\/2024\/09\/mar-do-inferno.png",400,600,false],"thumbnail":["https:\/\/siennahotel.pt\/layout\/wp-content\/uploads\/2024\/09\/mar-do-inferno-150x150.png",150,150,true],"medium":["https:\/\/siennahotel.pt\/layout\/wp-content\/uploads\/2024\/09\/mar-do-inferno-200x300.png",200,300,true],"medium_large":["https:\/\/siennahotel.pt\/layout\/wp-content\/uploads\/2024\/09\/mar-do-inferno.png",400,600,false],"large":["https:\/\/siennahotel.pt\/layout\/wp-content\/uploads\/2024\/09\/mar-do-inferno.png",400,600,false],"1536x1536":["https:\/\/siennahotel.pt\/layout\/wp-content\/uploads\/2024\/09\/mar-do-inferno.png",400,600,false],"2048x2048":["https:\/\/siennahotel.pt\/layout\/wp-content\/uploads\/2024\/09\/mar-do-inferno.png",400,600,false],"trp-custom-language-flag":["https:\/\/siennahotel.pt\/layout\/wp-content\/uploads\/2024\/09\/mar-do-inferno.png",8,12,false],"mailpoet_newsletter_max":["https:\/\/siennahotel.pt\/layout\/wp-content\/uploads\/2024\/09\/mar-do-inferno.png",400,600,false],"woocommerce_thumbnail":["https:\/\/siennahotel.pt\/layout\/wp-content\/uploads\/2024\/09\/mar-do-inferno-300x300.png",300,300,true],"woocommerce_single":["https:\/\/siennahotel.pt\/layout\/wp-content\/uploads\/2024\/09\/mar-do-inferno.png",400,600,false],"woocommerce_gallery_thumbnail":["https:\/\/siennahotel.pt\/layout\/wp-content\/uploads\/2024\/09\/mar-do-inferno-100x100.png",100,100,true]},"uagb_author_info":{"display_name":false,"author_link":"https:\/\/siennahotel.pt\/en\/author\/"},"uagb_comment_info":0,"uagb_excerpt":"Ano: 2021 Regi\u00e3o: Lisboa Tipo: Branco Castas: Arinto Cor: Amarelo palha \u00c1lcool: 12% Vinifica\u00e7\u00e3o: Fermenta\u00e7\u00e3o em inox para preservar a frescura e os aromas frutados. Aroma: Notas c\u00edtricas, com toques de lim\u00e3o, ma\u00e7\u00e3 verde e um leve mineral. Paladar: Fresco e vibrante, com boa acidez e um final ligeiramente salino, refletindo a influ\u00eancia da proximidade&hellip;","jetpack_sharing_enabled":true,"_links":{"self":[{"href":"https:\/\/siennahotel.pt\/en\/wp-json\/wp\/v2\/product\/1051","targetHints":{"allow":["GET"]}}],"collection":[{"href":"https:\/\/siennahotel.pt\/en\/wp-json\/wp\/v2\/product"}],"about":[{"href":"https:\/\/siennahotel.pt\/en\/wp-json\/wp\/v2\/types\/product"}],"wp:featuredmedia":[{"embeddable":true,"href":"https:\/\/siennahotel.pt\/en\/wp-json\/wp\/v2\/media\/1052"}],"wp:attachment":[{"href":"https:\/\/siennahotel.pt\/en\/wp-json\/wp\/v2\/media?parent=1051"}],"wp:term":[{"taxonomy":"product_brand","embeddable":true,"href":"https:\/\/siennahotel.pt\/en\/wp-json\/wp\/v2\/product_brand?post=1051"},{"taxonomy":"product_cat","embeddable":true,"href":"https:\/\/siennahotel.pt\/en\/wp-json\/wp\/v2\/product_cat?post=1051"},{"taxonomy":"product_tag","embeddable":true,"href":"https:\/\/siennahotel.pt\/en\/wp-json\/wp\/v2\/product_tag?post=1051"}],"curies":[{"name":"wp","href":"https:\/\/api.w.org\/{rel}","templated":true}]}}